{"id":64,"date":"2012-10-15T15:12:57","date_gmt":"2012-10-15T13:12:57","guid":{"rendered":"http:\/\/galerie-le-art.com\/?page_id=64"},"modified":"2019-08-16T14:01:13","modified_gmt":"2019-08-16T12:01:13","slug":"kontakt","status":"publish","type":"page","link":"https:\/\/galerie-le-art.com\/?page_id=64","title":{"rendered":"Kontakt"},"content":{"rendered":"<p><\/p>\n<h1>galerie-le-art<\/h1>\n<p>Praunstra\u00dfe 31<br \/>\n2103 Langenzersdorf<br \/>\nMobil: +43 664 3065132<\/p>\n<p>\u00d6ffnungszeiten: Nach Vereinbarung.<\/p>\n<h6>Datenschutz<\/h6>\n<p>Wenn Sie uns per Kontaktformular Anfragen zukommen lassen, werden Ihre Angaben aus dem Anfrageformular inklusive der von Ihnen dort angegebenen Kontaktdaten ausschlie\u00dflich zwecks Bearbeitung der Anfrage gespeichert. Diese Daten geben wir nicht weiter.<\/p>\n\n<div class=\"wpcf7 no-js\" id=\"wpcf7-f2799-o1\" lang=\"de-DE\" dir=\"ltr\" data-wpcf7-id=\"2799\">\n<div class=\"screen-reader-response\"><p role=\"status\" aria-live=\"polite\" aria-atomic=\"true\"><\/p> <ul><\/ul><\/div>\n<form action=\"\/index.php?rest_route=%2Fwp%2Fv2%2Fpages%2F64#wpcf7-f2799-o1\" method=\"post\" class=\"wpcf7-form init\" aria-label=\"Kontaktformular\" novalidate=\"novalidate\" data-status=\"init\">\n<fieldset class=\"hidden-fields-container\"><input type=\"hidden\" name=\"_wpcf7\" value=\"2799\" \/><input type=\"hidden\" name=\"_wpcf7_version\" value=\"6.1.5\" \/><input type=\"hidden\" name=\"_wpcf7_locale\" value=\"de_DE\" \/><input type=\"hidden\" name=\"_wpcf7_unit_tag\" value=\"wpcf7-f2799-o1\" \/><input type=\"hidden\" name=\"_wpcf7_container_post\" value=\"0\" \/><input type=\"hidden\" name=\"_wpcf7_posted_data_hash\" value=\"\" \/>\n<\/fieldset>\n<p>Ihr Vorname (Pflichtfeld)\n<\/p>\n<p><span class=\"wpcf7-form-control-wrap\" data-name=\"vorname\"><input size=\"40\" maxlength=\"400\" class=\"wpcf7-form-control wpcf7-text wpcf7-validates-as-required\" aria-required=\"true\" aria-invalid=\"false\" value=\"\" type=\"text\" name=\"vorname\" \/><\/span>\n<\/p>\n<p>Ihr Name (Pflichtfeld)\n<\/p>\n<p><span class=\"wpcf7-form-control-wrap\" data-name=\"nachname\"><input size=\"40\" maxlength=\"400\" class=\"wpcf7-form-control wpcf7-text wpcf7-validates-as-required\" aria-required=\"true\" aria-invalid=\"false\" value=\"\" type=\"text\" name=\"nachname\" \/><\/span>\n<\/p>\n<p>Ihre E-Mail-Adresse (Pflichtfeld)\n<\/p>\n<p><span class=\"wpcf7-form-control-wrap\" data-name=\"email\"><input size=\"40\" maxlength=\"400\" class=\"wpcf7-form-control wpcf7-email wpcf7-validates-as-required wpcf7-text wpcf7-validates-as-email\" aria-required=\"true\" aria-invalid=\"false\" value=\"\" type=\"email\" name=\"email\" \/><\/span>\n<\/p>\n<p>Betreff\n<\/p>\n<p><span class=\"wpcf7-form-control-wrap\" data-name=\"betreff\"><input size=\"40\" maxlength=\"400\" class=\"wpcf7-form-control wpcf7-text\" aria-invalid=\"false\" value=\"\" type=\"text\" name=\"betreff\" \/><\/span>\n<\/p>\n<p>Ihre Nachricht\n<\/p>\n<p><span class=\"wpcf7-form-control-wrap\" data-name=\"nachricht\"><textarea cols=\"40\" rows=\"10\" maxlength=\"2000\" class=\"wpcf7-form-control wpcf7-textarea\" aria-invalid=\"false\" name=\"nachricht\"><\/textarea><\/span>\n<\/p>\n<p>Newsletter\n<\/p>\n<p><span class=\"wpcf7-form-control-wrap\" data-name=\"newsletter\"><span class=\"wpcf7-form-control wpcf7-acceptance optional\"><span class=\"wpcf7-list-item\"><input type=\"checkbox\" name=\"newsletter\" value=\"1\" checked=\"checked\" aria-invalid=\"false\" \/><\/span><\/span><\/span> Ich m\u00f6chte den Newsletter empfangen\n<\/p>\n<p>Einwilligung\n<\/p>\n<p><span class=\"wpcf7-form-control-wrap\" data-name=\"einwilligung\"><span class=\"wpcf7-form-control wpcf7-acceptance\"><span class=\"wpcf7-list-item\"><input type=\"checkbox\" name=\"einwilligung\" value=\"1\" aria-invalid=\"false\" \/><\/span><\/span><\/span> Ich willige ein, dass f\u00fcr die Bearbeitung der Anfrage die \u00fcbermittelten Daten gem\u00e4\u00df Datenschutz verarbeitet werden. Die Einwilligung kann jederzeit mit Wirkung f\u00fcr die Zukunft widerrufen werden.\n<\/p>\n<p>Bitte geben Sie den Sicherheitscode in das Feld unten ein und beantworten Sie die Quizfrage:\n<\/p>\n<p><input type=\"hidden\" name=\"_wpcf7_captcha_challenge_captcha-949\" value=\"2686291524\" \/><img loading=\"lazy\" decoding=\"async\" class=\"wpcf7-form-control wpcf7-captchac wpcf7-captcha-captcha-949\" width=\"72\" height=\"24\" alt=\"captcha\" src=\"https:\/\/galerie-le-art.com\/wp-content\/uploads\/wpcf7_captcha\/2686291524.png\" \/>\n<\/p>\n<p><span class=\"wpcf7-form-control-wrap\" data-name=\"captcha-949\"><input size=\"40\" class=\"wpcf7-form-control wpcf7-captchar\" autocomplete=\"off\" aria-invalid=\"false\" value=\"\" type=\"text\" name=\"captcha-949\" \/><\/span>\n<\/p>\n<p><span class=\"wpcf7-form-control-wrap\" data-name=\"random-capital-quiz\"><label><span class=\"wpcf7-quiz-label\">Die Hauptstadt von England?<\/span> <input size=\"40\" class=\"wpcf7-form-control wpcf7-quiz\" autocomplete=\"off\" aria-required=\"true\" aria-invalid=\"false\" type=\"text\" name=\"random-capital-quiz\" \/><\/label><input type=\"hidden\" name=\"_wpcf7_quiz_answer_random-capital-quiz\" value=\"1e7f88c37dcbbd6153ca73c2050fe00a\" \/><\/span>\n<\/p>\n<p><input class=\"wpcf7-form-control wpcf7-submit has-spinner\" type=\"submit\" value=\"Senden\" \/>\n<\/p><p style=\"display: none !important;\" class=\"akismet-fields-container\" data-prefix=\"_wpcf7_ak_\"><label>&#916;<textarea name=\"_wpcf7_ak_hp_textarea\" cols=\"45\" rows=\"8\" maxlength=\"100\"><\/textarea><\/label><input type=\"hidden\" id=\"ak_js_1\" name=\"_wpcf7_ak_js\" value=\"175\"\/><script>document.getElementById( \"ak_js_1\" ).setAttribute( \"value\", ( new Date() ).getTime() );<\/script><\/p><div class=\"wpcf7-response-output\" aria-hidden=\"true\"><\/div>\n<\/form>\n<\/div>\n\n<h6>Urheberrechte<\/h6>\n<p>Bei allen Bildern auf meiner Website verweise ich auf das Urheberrecht. Ohne meine schriftliche Zustimmung bleibt deren Weiterverwendung untersagt. Sollte ich selbst unwissentlich Urheberrechte verletzt haben, bitte ich um Information. Ich werde diese Inhalte umgehend von meiner Website entfernen.<\/p>\n<h6>Disclaimer \/ Haftungsausschluss<\/h6>\n<p>Hiermit distanziere ich mich ausdr\u00fccklich von Inhalten aller fremden Websites auf die oder von denen aus mit einem Hyperlink oder sonst wie verwiesen wird. Ich mache mir deren Inhalt nicht zu Eigen und hafte nicht f\u00fcr den Inhalt bzw. ggfs. daraus entstandenen Schaden.<br \/>\n<\/p>","protected":false},"excerpt":{"rendered":"<p>galerie-le-art Praunstra\u00dfe 31 2103 Langenzersdorf Mobil: +43 664 3065132 \u00d6ffnungszeiten: Nach Vereinbarung. Datenschutz Wenn Sie uns per Kontaktformular Anfragen zukommen lassen, werden Ihre Angaben aus dem Anfrageformular inklusive der von Ihnen dort angegebenen Kontaktdaten ausschlie\u00dflich zwecks Bearbeitung der Anfrage gespeichert. &hellip; <a href=\"https:\/\/galerie-le-art.com\/?page_id=64\">Weiterlesen <span class=\"meta-nav\">&rarr;<\/span><\/a><\/p>\n","protected":false},"author":1,"featured_media":0,"parent":25,"menu_order":0,"comment_status":"closed","ping_status":"open","template":"","meta":{"jetpack_post_was_ever_published":false,"footnotes":""},"class_list":["post-64","page","type-page","status-publish","hentry"],"aioseo_notices":[],"jetpack_sharing_enabled":true,"jetpack_shortlink":"https:\/\/wp.me\/P7wHnN-12","_links":{"self":[{"href":"https:\/\/galerie-le-art.com\/index.php?rest_route=\/wp\/v2\/pages\/64","targetHints":{"allow":["GET"]}}],"collection":[{"href":"https:\/\/galerie-le-art.com\/index.php?rest_route=\/wp\/v2\/pages"}],"about":[{"href":"https:\/\/galerie-le-art.com\/index.php?rest_route=\/wp\/v2\/types\/page"}],"author":[{"embeddable":true,"href":"https:\/\/galerie-le-art.com\/index.php?rest_route=\/wp\/v2\/users\/1"}],"replies":[{"embeddable":true,"href":"https:\/\/galerie-le-art.com\/index.php?rest_route=%2Fwp%2Fv2%2Fcomments&post=64"}],"version-history":[{"count":24,"href":"https:\/\/galerie-le-art.com\/index.php?rest_route=\/wp\/v2\/pages\/64\/revisions"}],"predecessor-version":[{"id":2803,"href":"https:\/\/galerie-le-art.com\/index.php?rest_route=\/wp\/v2\/pages\/64\/revisions\/2803"}],"up":[{"embeddable":true,"href":"https:\/\/galerie-le-art.com\/index.php?rest_route=\/wp\/v2\/pages\/25"}],"wp:attachment":[{"href":"https:\/\/galerie-le-art.com\/index.php?rest_route=%2Fwp%2Fv2%2Fmedia&parent=64"}],"curies":[{"name":"wp","href":"https:\/\/api.w.org\/{rel}","templated":true}]}}