{"id":3913,"date":"2025-08-24T11:29:04","date_gmt":"2025-08-24T09:29:04","guid":{"rendered":"http:\/\/galerie-le-art.com\/?page_id=3913"},"modified":"2025-08-24T11:31:34","modified_gmt":"2025-08-24T09:31:34","slug":"aktivitaeten-2-2-2","status":"publish","type":"page","link":"https:\/\/galerie-le-art.com\/?page_id=3913","title":{"rendered":"2024 &#8211; Aktivit\u00e4ten"},"content":{"rendered":"<p><\/p>\n<h2>INC art fair Bodensee 2024<\/h2>\n<p>Messe Dornbirn<br \/>\n15. &#8211; 17. November<\/p>\n\n\t\t<style type=\"text\/css\">\n\t\t\t#gallery-1 {\n\t\t\t\tmargin: auto;\n\t\t\t}\n\t\t\t#gallery-1 .gallery-item {\n\t\t\t\tfloat: left;\n\t\t\t\tmargin-top: 10px;\n\t\t\t\ttext-align: center;\n\t\t\t\twidth: 33%;\n\t\t\t}\n\t\t\t#gallery-1 img {\n\t\t\t\tborder: 2px solid #cfcfcf;\n\t\t\t}\n\t\t\t#gallery-1 .gallery-caption {\n\t\t\t\tmargin-left: 0;\n\t\t\t}\n\t\t\t\/* see gallery_shortcode() in wp-includes\/media.php *\/\n\t\t<\/style>\n\t\t<div id='gallery-1' class='gallery galleryid-3913 gallery-columns-3 gallery-size-thumbnail'><dl class='gallery-item'>\n\t\t\t<dt class='gallery-icon landscape'>\n\t\t\t\t<a href='https:\/\/galerie-le-art.com\/?attachment_id=3851'><img loading=\"lazy\" decoding=\"async\" width=\"150\" height=\"150\" src=\"https:\/\/galerie-le-art.com\/wp-content\/uploads\/2024\/12\/INCartfair2024_02-150x150.jpg\" class=\"attachment-thumbnail size-thumbnail\" alt=\"\" \/><\/a>\n\t\t\t<\/dt><\/dl><dl class='gallery-item'>\n\t\t\t<dt class='gallery-icon landscape'>\n\t\t\t\t<a href='https:\/\/galerie-le-art.com\/?attachment_id=3850'><img loading=\"lazy\" decoding=\"async\" width=\"150\" height=\"150\" src=\"https:\/\/galerie-le-art.com\/wp-content\/uploads\/2024\/12\/INCartfair2024_01-150x150.jpg\" class=\"attachment-thumbnail size-thumbnail\" alt=\"\" \/><\/a>\n\t\t\t<\/dt><\/dl><dl class='gallery-item'>\n\t\t\t<dt class='gallery-icon landscape'>\n\t\t\t\t<a href='https:\/\/galerie-le-art.com\/?attachment_id=3852'><img loading=\"lazy\" decoding=\"async\" width=\"150\" height=\"150\" src=\"https:\/\/galerie-le-art.com\/wp-content\/uploads\/2024\/12\/INCartfair2024_03-150x150.jpg\" class=\"attachment-thumbnail size-thumbnail\" alt=\"\" \/><\/a>\n\t\t\t<\/dt><\/dl><br style=\"clear: both\" \/><dl class='gallery-item'>\n\t\t\t<dt class='gallery-icon landscape'>\n\t\t\t\t<a href='https:\/\/galerie-le-art.com\/?attachment_id=3853'><img loading=\"lazy\" decoding=\"async\" width=\"150\" height=\"150\" src=\"https:\/\/galerie-le-art.com\/wp-content\/uploads\/2024\/12\/INCartfair2024_04-150x150.jpg\" class=\"attachment-thumbnail size-thumbnail\" alt=\"\" \/><\/a>\n\t\t\t<\/dt><\/dl><dl class='gallery-item'>\n\t\t\t<dt class='gallery-icon landscape'>\n\t\t\t\t<a href='https:\/\/galerie-le-art.com\/?attachment_id=3854'><img loading=\"lazy\" decoding=\"async\" width=\"150\" height=\"150\" src=\"https:\/\/galerie-le-art.com\/wp-content\/uploads\/2024\/12\/INCartfair2024_05-150x150.jpg\" class=\"attachment-thumbnail size-thumbnail\" alt=\"\" \/><\/a>\n\t\t\t<\/dt><\/dl><dl class='gallery-item'>\n\t\t\t<dt class='gallery-icon landscape'>\n\t\t\t\t<a href='https:\/\/galerie-le-art.com\/?attachment_id=3855'><img loading=\"lazy\" decoding=\"async\" width=\"150\" height=\"150\" src=\"https:\/\/galerie-le-art.com\/wp-content\/uploads\/2024\/12\/INCartfair2024_06-150x150.jpg\" class=\"attachment-thumbnail size-thumbnail\" alt=\"\" \/><\/a>\n\t\t\t<\/dt><\/dl><br style=\"clear: both\" \/><dl class='gallery-item'>\n\t\t\t<dt class='gallery-icon landscape'>\n\t\t\t\t<a href='https:\/\/galerie-le-art.com\/?attachment_id=3856'><img loading=\"lazy\" decoding=\"async\" width=\"150\" height=\"150\" src=\"https:\/\/galerie-le-art.com\/wp-content\/uploads\/2024\/12\/INCartfair2024_07-150x150.jpg\" class=\"attachment-thumbnail size-thumbnail\" alt=\"\" \/><\/a>\n\t\t\t<\/dt><\/dl><dl class='gallery-item'>\n\t\t\t<dt class='gallery-icon landscape'>\n\t\t\t\t<a href='https:\/\/galerie-le-art.com\/?attachment_id=3857'><img loading=\"lazy\" decoding=\"async\" width=\"150\" height=\"150\" src=\"https:\/\/galerie-le-art.com\/wp-content\/uploads\/2024\/12\/INCartfair2024_08-150x150.jpg\" class=\"attachment-thumbnail size-thumbnail\" alt=\"\" \/><\/a>\n\t\t\t<\/dt><\/dl>\n\t\t\t<br style='clear: both' \/>\n\t\t<\/div>\n\n<p>&#8212;&#8212;&#8212;&#8212;&#8212;&#8212;&#8212;&#8212;&#8212;&#8212;&#8212;&#8212;&#8212;&#8212;&#8212;&#8212;&#8212;&#8212;<\/p>\n<h2>Tage der offenen Ateliers<\/h2>\n<p>19. + 20. Oktober 2024<\/p>\n<p>Folgende K\u00fcnstler:innen stellten ihre Werke in der Galerie-le-art aus:<br \/>\nFranco Braggio (Italien), Mahdiyeh. Seifi (Iran), Thomas Lackner N\u00d6), Renate Schrepfer (Wien), Kristina Holl (N\u00d6), B. Januschek (N\u00d6) , B. Springer (Wien), J. Zinsberger (N\u00d6).<\/p>\n<p>Im Rahmen der Tage der offenen Ateliers am 19. und 20. Oktober fand die Benefiz-Malaktion statt. Jeder konnte Bilder sponsern und auch mitmachen. Der Langenzersdorfer K\u00fcnstler Josef Zinsberger stellte s\u00e4mtliche Bilderrahmen und Malutensilien zur Verf\u00fcgung, Bilder konnten auch zu Hause gemalt werden.<\/p>\n\n\t\t<style type=\"text\/css\">\n\t\t\t#gallery-2 {\n\t\t\t\tmargin: auto;\n\t\t\t}\n\t\t\t#gallery-2 .gallery-item {\n\t\t\t\tfloat: left;\n\t\t\t\tmargin-top: 10px;\n\t\t\t\ttext-align: center;\n\t\t\t\twidth: 33%;\n\t\t\t}\n\t\t\t#gallery-2 img {\n\t\t\t\tborder: 2px solid #cfcfcf;\n\t\t\t}\n\t\t\t#gallery-2 .gallery-caption {\n\t\t\t\tmargin-left: 0;\n\t\t\t}\n\t\t\t\/* see gallery_shortcode() in wp-includes\/media.php *\/\n\t\t<\/style>\n\t\t<div id='gallery-2' class='gallery galleryid-3913 gallery-columns-3 gallery-size-thumbnail'><dl class='gallery-item'>\n\t\t\t<dt class='gallery-icon landscape'>\n\t\t\t\t<a href='https:\/\/galerie-le-art.com\/?attachment_id=3825'><img loading=\"lazy\" decoding=\"async\" width=\"150\" height=\"150\" src=\"https:\/\/galerie-le-art.com\/wp-content\/uploads\/2024\/11\/ToA_2024_02-150x150.jpg\" class=\"attachment-thumbnail size-thumbnail\" alt=\"\" \/><\/a>\n\t\t\t<\/dt><\/dl><dl class='gallery-item'>\n\t\t\t<dt class='gallery-icon portrait'>\n\t\t\t\t<a href='https:\/\/galerie-le-art.com\/?attachment_id=3824'><img loading=\"lazy\" decoding=\"async\" width=\"150\" height=\"150\" src=\"https:\/\/galerie-le-art.com\/wp-content\/uploads\/2024\/11\/ToA_2024_07-150x150.jpg\" class=\"attachment-thumbnail size-thumbnail\" alt=\"\" \/><\/a>\n\t\t\t<\/dt><\/dl><dl class='gallery-item'>\n\t\t\t<dt class='gallery-icon landscape'>\n\t\t\t\t<a href='https:\/\/galerie-le-art.com\/?attachment_id=3826'><img loading=\"lazy\" decoding=\"async\" width=\"150\" height=\"150\" src=\"https:\/\/galerie-le-art.com\/wp-content\/uploads\/2024\/11\/ToA_2024_03-150x150.jpg\" class=\"attachment-thumbnail size-thumbnail\" alt=\"\" \/><\/a>\n\t\t\t<\/dt><\/dl><br style=\"clear: both\" \/><dl class='gallery-item'>\n\t\t\t<dt class='gallery-icon portrait'>\n\t\t\t\t<a href='https:\/\/galerie-le-art.com\/?attachment_id=3827'><img loading=\"lazy\" decoding=\"async\" width=\"150\" height=\"150\" src=\"https:\/\/galerie-le-art.com\/wp-content\/uploads\/2024\/11\/ToA_2024_04-150x150.jpg\" class=\"attachment-thumbnail size-thumbnail\" alt=\"\" \/><\/a>\n\t\t\t<\/dt><\/dl><dl class='gallery-item'>\n\t\t\t<dt class='gallery-icon landscape'>\n\t\t\t\t<a href='https:\/\/galerie-le-art.com\/?attachment_id=3828'><img loading=\"lazy\" decoding=\"async\" width=\"150\" height=\"150\" src=\"https:\/\/galerie-le-art.com\/wp-content\/uploads\/2024\/11\/ToA_2024_05-150x150.jpg\" class=\"attachment-thumbnail size-thumbnail\" alt=\"\" \/><\/a>\n\t\t\t<\/dt><\/dl><dl class='gallery-item'>\n\t\t\t<dt class='gallery-icon landscape'>\n\t\t\t\t<a href='https:\/\/galerie-le-art.com\/?attachment_id=3829'><img loading=\"lazy\" decoding=\"async\" width=\"150\" height=\"150\" src=\"https:\/\/galerie-le-art.com\/wp-content\/uploads\/2024\/11\/ToA_2024_06-150x150.jpg\" class=\"attachment-thumbnail size-thumbnail\" alt=\"\" \/><\/a>\n\t\t\t<\/dt><\/dl><br style=\"clear: both\" \/>\n\t\t<\/div>\n\n<p>Es entstand ein tolles Bildmosaik. Der gesammelte Spendenbetrag und das Bildmosaik wurde am 7. November f\u00fcr das Projekt der Kiwanis Langenzersdorf &#8211; ein Gartenhaus der Zweigstelle der Behindertenhilfe in Langenzersdorf &#8211; an Josef Brenner (Obmann Stellvertreter) und Thomas Budil (KIWANIS-Langenzersdorf) \u00fcbergeben.<\/p>\n<p><strong>Es konnte der Betrag von 1.310,30 \u20ac \u00fcbergeben werden.<\/strong><\/p>\n\n\t\t<style type=\"text\/css\">\n\t\t\t#gallery-3 {\n\t\t\t\tmargin: auto;\n\t\t\t}\n\t\t\t#gallery-3 .gallery-item {\n\t\t\t\tfloat: left;\n\t\t\t\tmargin-top: 10px;\n\t\t\t\ttext-align: center;\n\t\t\t\twidth: 33%;\n\t\t\t}\n\t\t\t#gallery-3 img {\n\t\t\t\tborder: 2px solid #cfcfcf;\n\t\t\t}\n\t\t\t#gallery-3 .gallery-caption {\n\t\t\t\tmargin-left: 0;\n\t\t\t}\n\t\t\t\/* see gallery_shortcode() in wp-includes\/media.php *\/\n\t\t<\/style>\n\t\t<div id='gallery-3' class='gallery galleryid-3913 gallery-columns-3 gallery-size-thumbnail'><dl class='gallery-item'>\n\t\t\t<dt class='gallery-icon landscape'>\n\t\t\t\t<a href='https:\/\/galerie-le-art.com\/?attachment_id=3830'><img loading=\"lazy\" decoding=\"async\" width=\"150\" height=\"150\" src=\"https:\/\/galerie-le-art.com\/wp-content\/uploads\/2024\/11\/ToA_2024_01-150x150.jpg\" class=\"attachment-thumbnail size-thumbnail\" alt=\"\" aria-describedby=\"gallery-3-3830\" \/><\/a>\n\t\t\t<\/dt>\n\t\t\t\t<dd class='wp-caption-text gallery-caption' id='gallery-3-3830'>\n\t\t\t\tJosef Zinsberger, Josef Brenner (Obmann Stv.) und die Bewohner des Wohnhauses der Behindertenhilfe Langenzersdorf\n\t\t\t\t<\/dd><\/dl><dl class='gallery-item'>\n\t\t\t<dt class='gallery-icon landscape'>\n\t\t\t\t<a href='https:\/\/galerie-le-art.com\/?attachment_id=3831'><img loading=\"lazy\" decoding=\"async\" width=\"150\" height=\"150\" src=\"https:\/\/galerie-le-art.com\/wp-content\/uploads\/2024\/11\/ToA_2024_08-150x150.jpg\" class=\"attachment-thumbnail size-thumbnail\" alt=\"\" \/><\/a>\n\t\t\t<\/dt><\/dl><dl class='gallery-item'>\n\t\t\t<dt class='gallery-icon portrait'>\n\t\t\t\t<a href='https:\/\/galerie-le-art.com\/?attachment_id=3837'><img loading=\"lazy\" decoding=\"async\" width=\"150\" height=\"150\" src=\"https:\/\/galerie-le-art.com\/wp-content\/uploads\/2024\/11\/ToA_2024_14-150x150.jpg\" class=\"attachment-thumbnail size-thumbnail\" alt=\"\" \/><\/a>\n\t\t\t<\/dt><\/dl><br style=\"clear: both\" \/><dl class='gallery-item'>\n\t\t\t<dt class='gallery-icon landscape'>\n\t\t\t\t<a href='https:\/\/galerie-le-art.com\/?attachment_id=3836'><img loading=\"lazy\" decoding=\"async\" width=\"150\" height=\"150\" src=\"https:\/\/galerie-le-art.com\/wp-content\/uploads\/2024\/11\/ToA_2024_13-150x150.jpg\" class=\"attachment-thumbnail size-thumbnail\" alt=\"\" \/><\/a>\n\t\t\t<\/dt><\/dl><dl class='gallery-item'>\n\t\t\t<dt class='gallery-icon portrait'>\n\t\t\t\t<a href='https:\/\/galerie-le-art.com\/?attachment_id=3835'><img loading=\"lazy\" decoding=\"async\" width=\"150\" height=\"150\" src=\"https:\/\/galerie-le-art.com\/wp-content\/uploads\/2024\/11\/ToA_2024_12-150x150.jpg\" class=\"attachment-thumbnail size-thumbnail\" alt=\"\" \/><\/a>\n\t\t\t<\/dt><\/dl><dl class='gallery-item'>\n\t\t\t<dt class='gallery-icon landscape'>\n\t\t\t\t<a href='https:\/\/galerie-le-art.com\/?attachment_id=3834'><img loading=\"lazy\" decoding=\"async\" width=\"150\" height=\"150\" src=\"https:\/\/galerie-le-art.com\/wp-content\/uploads\/2024\/11\/ToA_2024_11-150x150.jpg\" class=\"attachment-thumbnail size-thumbnail\" alt=\"\" \/><\/a>\n\t\t\t<\/dt><\/dl><br style=\"clear: both\" \/><dl class='gallery-item'>\n\t\t\t<dt class='gallery-icon landscape'>\n\t\t\t\t<a href='https:\/\/galerie-le-art.com\/?attachment_id=3833'><img loading=\"lazy\" decoding=\"async\" width=\"150\" height=\"150\" src=\"https:\/\/galerie-le-art.com\/wp-content\/uploads\/2024\/11\/ToA_2024_10-150x150.jpg\" class=\"attachment-thumbnail size-thumbnail\" alt=\"\" \/><\/a>\n\t\t\t<\/dt><\/dl><dl class='gallery-item'>\n\t\t\t<dt class='gallery-icon portrait'>\n\t\t\t\t<a href='https:\/\/galerie-le-art.com\/?attachment_id=3832'><img loading=\"lazy\" decoding=\"async\" width=\"150\" height=\"150\" src=\"https:\/\/galerie-le-art.com\/wp-content\/uploads\/2024\/11\/ToA_2024_09-150x150.jpg\" class=\"attachment-thumbnail size-thumbnail\" alt=\"\" \/><\/a>\n\t\t\t<\/dt><\/dl>\n\t\t\t<br style='clear: both' \/>\n\t\t<\/div>\n\n<p>&nbsp;<\/p>\n<p>&#8212;&#8212;&#8212;&#8212;&#8212;&#8212;&#8212;&#8212;&#8212;&#8212;&#8212;&#8212;&#8212;&#8212;&#8212;&#8212;&#8212;&#8212;<\/p>\n<h2>NEUE ArT Die Kunstmesse<\/h2>\n<p>Dresden<br \/>\n27. &#8211; 29. September 2024<\/p>\n\n\t\t<style type=\"text\/css\">\n\t\t\t#gallery-4 {\n\t\t\t\tmargin: auto;\n\t\t\t}\n\t\t\t#gallery-4 .gallery-item {\n\t\t\t\tfloat: left;\n\t\t\t\tmargin-top: 10px;\n\t\t\t\ttext-align: center;\n\t\t\t\twidth: 33%;\n\t\t\t}\n\t\t\t#gallery-4 img {\n\t\t\t\tborder: 2px solid #cfcfcf;\n\t\t\t}\n\t\t\t#gallery-4 .gallery-caption {\n\t\t\t\tmargin-left: 0;\n\t\t\t}\n\t\t\t\/* see gallery_shortcode() in wp-includes\/media.php *\/\n\t\t<\/style>\n\t\t<div id='gallery-4' class='gallery galleryid-3913 gallery-columns-3 gallery-size-thumbnail'><dl class='gallery-item'>\n\t\t\t<dt class='gallery-icon landscape'>\n\t\t\t\t<a href='https:\/\/galerie-le-art.com\/?attachment_id=3792'><img loading=\"lazy\" decoding=\"async\" width=\"150\" height=\"150\" src=\"https:\/\/galerie-le-art.com\/wp-content\/uploads\/2024\/10\/Dresden-Er\u00f6ffnung_web-150x150.jpg\" class=\"attachment-thumbnail size-thumbnail\" alt=\"\" aria-describedby=\"gallery-4-3792\" \/><\/a>\n\t\t\t<\/dt>\n\t\t\t\t<dd class='wp-caption-text gallery-caption' id='gallery-4-3792'>\n\t\t\t\tDresden Er\u00f6ffnung\n\t\t\t\t<\/dd><\/dl><dl class='gallery-item'>\n\t\t\t<dt class='gallery-icon landscape'>\n\t\t\t\t<a href='https:\/\/galerie-le-art.com\/?attachment_id=3791'><img loading=\"lazy\" decoding=\"async\" width=\"150\" height=\"150\" src=\"https:\/\/galerie-le-art.com\/wp-content\/uploads\/2024\/10\/Dresden-Messestand_web-150x150.jpg\" class=\"attachment-thumbnail size-thumbnail\" alt=\"\" aria-describedby=\"gallery-4-3791\" \/><\/a>\n\t\t\t<\/dt>\n\t\t\t\t<dd class='wp-caption-text gallery-caption' id='gallery-4-3791'>\n\t\t\t\tDresden Messestand\n\t\t\t\t<\/dd><\/dl>\n\t\t\t<br style='clear: both' \/>\n\t\t<\/div>\n\n<p>&#8212;&#8212;&#8212;&#8212;&#8212;&#8212;&#8212;&#8212;&#8212;&#8212;&#8212;&#8212;&#8212;&#8212;&#8212;&#8212;&#8212;&#8212;<\/p>\n<h2>Montmartre Korneuburg 2024<\/h2>\n<p>Hauptplatz Korneuburg<br \/>\n30. August 2024<\/p>\n<p>&#8212;&#8212;&#8212;&#8212;&#8212;&#8212;&#8212;&#8212;&#8212;&#8212;&#8212;&#8212;&#8212;&#8212;&#8212;&#8212;&#8212;&#8212;<\/p>\n<h2>12. Kunstrad<\/h2>\n<p>Live-Musik \/ Kabarett \/ Kunst<br \/>\n24. \u2013 26. Mai<br \/>\n<a href=\"http:\/\/galerie-le-art.com\/?attachment_id=3743\" rel=\"attachment wp-att-3588\"><img loading=\"lazy\" decoding=\"async\" class=\"aligncenter wp-image-3743 size-medium\" src=\"http:\/\/galerie-le-art.com\/wp-content\/uploads\/2024\/05\/KR_12_Plakat_web-212x300.jpg\" alt=\"\" width=\"212\" height=\"300\" srcset=\"https:\/\/galerie-le-art.com\/wp-content\/uploads\/2024\/05\/KR_12_Plakat_web-212x300.jpg 212w, https:\/\/galerie-le-art.com\/wp-content\/uploads\/2024\/05\/KR_12_Plakat_web-768x1086.jpg 768w, https:\/\/galerie-le-art.com\/wp-content\/uploads\/2024\/05\/KR_12_Plakat_web-724x1024.jpg 724w, https:\/\/galerie-le-art.com\/wp-content\/uploads\/2024\/05\/KR_12_Plakat_web.jpg 800w\" sizes=\"auto, (max-width: 212px) 100vw, 212px\" \/><\/a><\/p>\n<p><strong>Freitag, 24. Mai:<\/strong><\/p>\n<p>Es war eine gelungene Er\u00f6ffnung\/Vernissage, bei der die Redner auf die hohe Qualit\u00e4t der ausdrucksstarken Werke und auf das tolle vielf\u00e4ltige 3 Tages Programm eingegangen sind.<\/p>\n<p>Auch, dass es nicht selbstverst\u00e4ndlich ist, in dieser, f\u00fcr die Kunst schwierigen Zeit, dies alles vorzubereiten und zu organisieren. Der Garten, in dem Glasskulpturen und-bilder ausgestellt sind, erg\u00e4nzt die dargestellten Werke in der Galerie.<\/p>\n<p><strong>Samstag, 25. Mai<\/strong><\/p>\n<p>Musik &#8211; Christoph Noe, Alwin Sch\u00f6nberger<br \/>\nDas seit vielen Jahren eingespielte Duo erzeugte bei den zahlreichen Besuchern gute Stimmung, mit ausgew\u00e4hlten Songs aus Folk, Blues, Bluegrass, Country und Wienerlied und stellte virtuos unter Beweis, was man aus akustischen Instrumenten und zwei Stimmen herausholen kann<\/p>\n<p>Romeo Kaltenbrunner \u2013 \u201eProgramm-Selbstliebe\u201c<br \/>\nDer Newcomer ging in seinem Deb\u00fct-Programm \u201eSelbstliebe\u201c der gro\u00dfen Sehnsucht seiner Generation in humorvollen Geschichten nach. Er konnte die Besucher sowohl zum Lachen als auch zum Nachdenken animieren. Er durfte sein Talent auch schon bei \u201eKabarett im Turm\u201c unter Beweis stellen. Es war eine gelungene Darbietung seines K\u00f6nnens.<\/p>\n<p><strong>Sonntag. 26. Mai<\/strong><\/p>\n<p>Viele Kinder waren da, um zu malen und mit Ton zu arbeiten.<\/p>\n<p>Die Musikschule Langenzersdorf war mit jungen Talenten aus drei Instrumentalklassen vertreten:<\/p>\n<p>Pianist*innen und Cellist*innen \uf0e0 (Klasse Dr. Angela Kail)<br \/>\nFl\u00f6tist*innen \uf0e0 (Klasse Evelyn Cantonati, BA BA BSc)<br \/>\nSaxophonist*innen \uf0e0 (Klasse Vera Rausch)<br \/>\npr\u00e4sentieren ein buntes musikalisches Programm<\/p>\n\n\t\t<style type=\"text\/css\">\n\t\t\t#gallery-5 {\n\t\t\t\tmargin: auto;\n\t\t\t}\n\t\t\t#gallery-5 .gallery-item {\n\t\t\t\tfloat: left;\n\t\t\t\tmargin-top: 10px;\n\t\t\t\ttext-align: center;\n\t\t\t\twidth: 33%;\n\t\t\t}\n\t\t\t#gallery-5 img {\n\t\t\t\tborder: 2px solid #cfcfcf;\n\t\t\t}\n\t\t\t#gallery-5 .gallery-caption {\n\t\t\t\tmargin-left: 0;\n\t\t\t}\n\t\t\t\/* see gallery_shortcode() in wp-includes\/media.php *\/\n\t\t<\/style>\n\t\t<div id='gallery-5' class='gallery galleryid-3913 gallery-columns-3 gallery-size-thumbnail'><dl class='gallery-item'>\n\t\t\t<dt class='gallery-icon landscape'>\n\t\t\t\t<a href='https:\/\/galerie-le-art.com\/?attachment_id=3775'><img loading=\"lazy\" decoding=\"async\" width=\"150\" height=\"150\" src=\"https:\/\/galerie-le-art.com\/wp-content\/uploads\/2024\/06\/KR12_2024_15-150x150.jpg\" class=\"attachment-thumbnail size-thumbnail\" alt=\"\" aria-describedby=\"gallery-5-3775\" \/><\/a>\n\t\t\t<\/dt>\n\t\t\t\t<dd class='wp-caption-text gallery-caption' id='gallery-5-3775'>\n\t\t\t\tBM Andreas Arbesser, Barbara Piller, Christine Weiser, Stefanie Peterl, Roswitha Wagner, Josef Zinsberger, Prof. G\u00fcnther Frank, LAbg. N\u00d6 Christian Gepp, GGR Ingeborg Treitl, Kulturvernetzung-Viertelmanager-Weinviertel Richard Pleil, Johann Rumpf, Stefan Brenner \n\t\t\t\t<\/dd><\/dl><dl class='gallery-item'>\n\t\t\t<dt class='gallery-icon landscape'>\n\t\t\t\t<a href='https:\/\/galerie-le-art.com\/?attachment_id=3761'><img loading=\"lazy\" decoding=\"async\" width=\"150\" height=\"150\" src=\"https:\/\/galerie-le-art.com\/wp-content\/uploads\/2024\/06\/KR12_2024_01-150x150.jpg\" class=\"attachment-thumbnail size-thumbnail\" alt=\"\" \/><\/a>\n\t\t\t<\/dt><\/dl><dl class='gallery-item'>\n\t\t\t<dt class='gallery-icon portrait'>\n\t\t\t\t<a href='https:\/\/galerie-le-art.com\/?attachment_id=3768'><img loading=\"lazy\" decoding=\"async\" width=\"150\" height=\"150\" src=\"https:\/\/galerie-le-art.com\/wp-content\/uploads\/2024\/06\/KR12_2024_08-150x150.jpg\" class=\"attachment-thumbnail size-thumbnail\" alt=\"\" \/><\/a>\n\t\t\t<\/dt><\/dl><br style=\"clear: both\" \/><dl class='gallery-item'>\n\t\t\t<dt class='gallery-icon landscape'>\n\t\t\t\t<a href='https:\/\/galerie-le-art.com\/?attachment_id=3769'><img loading=\"lazy\" decoding=\"async\" width=\"150\" height=\"150\" src=\"https:\/\/galerie-le-art.com\/wp-content\/uploads\/2024\/06\/KR12_2024_09-150x150.jpg\" class=\"attachment-thumbnail size-thumbnail\" alt=\"\" \/><\/a>\n\t\t\t<\/dt><\/dl><dl class='gallery-item'>\n\t\t\t<dt class='gallery-icon landscape'>\n\t\t\t\t<a href='https:\/\/galerie-le-art.com\/?attachment_id=3770'><img loading=\"lazy\" decoding=\"async\" width=\"150\" height=\"150\" src=\"https:\/\/galerie-le-art.com\/wp-content\/uploads\/2024\/06\/KR12_2024_10-150x150.jpg\" class=\"attachment-thumbnail size-thumbnail\" alt=\"\" \/><\/a>\n\t\t\t<\/dt><\/dl><dl class='gallery-item'>\n\t\t\t<dt class='gallery-icon landscape'>\n\t\t\t\t<a href='https:\/\/galerie-le-art.com\/?attachment_id=3771'><img loading=\"lazy\" decoding=\"async\" width=\"150\" height=\"150\" src=\"https:\/\/galerie-le-art.com\/wp-content\/uploads\/2024\/06\/KR12_2024_11-150x150.jpg\" class=\"attachment-thumbnail size-thumbnail\" alt=\"\" \/><\/a>\n\t\t\t<\/dt><\/dl><br style=\"clear: both\" \/><dl class='gallery-item'>\n\t\t\t<dt class='gallery-icon portrait'>\n\t\t\t\t<a href='https:\/\/galerie-le-art.com\/?attachment_id=3765'><img loading=\"lazy\" decoding=\"async\" width=\"150\" height=\"150\" src=\"https:\/\/galerie-le-art.com\/wp-content\/uploads\/2024\/06\/KR12_2024_05-150x150.jpg\" class=\"attachment-thumbnail size-thumbnail\" alt=\"\" \/><\/a>\n\t\t\t<\/dt><\/dl><dl class='gallery-item'>\n\t\t\t<dt class='gallery-icon landscape'>\n\t\t\t\t<a href='https:\/\/galerie-le-art.com\/?attachment_id=3772'><img loading=\"lazy\" decoding=\"async\" width=\"150\" height=\"150\" src=\"https:\/\/galerie-le-art.com\/wp-content\/uploads\/2024\/06\/KR12_2024_12-150x150.jpg\" class=\"attachment-thumbnail size-thumbnail\" alt=\"\" \/><\/a>\n\t\t\t<\/dt><\/dl><dl class='gallery-item'>\n\t\t\t<dt class='gallery-icon landscape'>\n\t\t\t\t<a href='https:\/\/galerie-le-art.com\/?attachment_id=3773'><img loading=\"lazy\" decoding=\"async\" width=\"150\" height=\"150\" src=\"https:\/\/galerie-le-art.com\/wp-content\/uploads\/2024\/06\/KR12_2024_13-150x150.jpg\" class=\"attachment-thumbnail size-thumbnail\" alt=\"\" \/><\/a>\n\t\t\t<\/dt><\/dl><br style=\"clear: both\" \/><dl class='gallery-item'>\n\t\t\t<dt class='gallery-icon portrait'>\n\t\t\t\t<a href='https:\/\/galerie-le-art.com\/?attachment_id=3763'><img loading=\"lazy\" decoding=\"async\" width=\"150\" height=\"150\" src=\"https:\/\/galerie-le-art.com\/wp-content\/uploads\/2024\/06\/KR12_2024_03-150x150.jpg\" class=\"attachment-thumbnail size-thumbnail\" alt=\"\" \/><\/a>\n\t\t\t<\/dt><\/dl><dl class='gallery-item'>\n\t\t\t<dt class='gallery-icon landscape'>\n\t\t\t\t<a href='https:\/\/galerie-le-art.com\/?attachment_id=3774'><img loading=\"lazy\" decoding=\"async\" width=\"150\" height=\"150\" src=\"https:\/\/galerie-le-art.com\/wp-content\/uploads\/2024\/06\/KR12_2024_14-150x150.jpg\" class=\"attachment-thumbnail size-thumbnail\" alt=\"\" \/><\/a>\n\t\t\t<\/dt><\/dl><dl class='gallery-item'>\n\t\t\t<dt class='gallery-icon portrait'>\n\t\t\t\t<a href='https:\/\/galerie-le-art.com\/?attachment_id=3764'><img loading=\"lazy\" decoding=\"async\" width=\"150\" height=\"150\" src=\"https:\/\/galerie-le-art.com\/wp-content\/uploads\/2024\/06\/KR12_2024_04-150x150.jpg\" class=\"attachment-thumbnail size-thumbnail\" alt=\"\" \/><\/a>\n\t\t\t<\/dt><\/dl><br style=\"clear: both\" \/><dl class='gallery-item'>\n\t\t\t<dt class='gallery-icon landscape'>\n\t\t\t\t<a href='https:\/\/galerie-le-art.com\/?attachment_id=3762'><img loading=\"lazy\" decoding=\"async\" width=\"150\" height=\"150\" src=\"https:\/\/galerie-le-art.com\/wp-content\/uploads\/2024\/06\/KR12_2024_02-150x150.jpg\" class=\"attachment-thumbnail size-thumbnail\" alt=\"\" \/><\/a>\n\t\t\t<\/dt><\/dl><dl class='gallery-item'>\n\t\t\t<dt class='gallery-icon portrait'>\n\t\t\t\t<a href='https:\/\/galerie-le-art.com\/?attachment_id=3776'><img loading=\"lazy\" decoding=\"async\" width=\"150\" height=\"150\" src=\"https:\/\/galerie-le-art.com\/wp-content\/uploads\/2024\/06\/KR12_2024_16-150x150.jpg\" class=\"attachment-thumbnail size-thumbnail\" alt=\"\" aria-describedby=\"gallery-5-3776\" \/><\/a>\n\t\t\t<\/dt>\n\t\t\t\t<dd class='wp-caption-text gallery-caption' id='gallery-5-3776'>\n\t\t\t\tChristoph Noe, Romeo Kaltenbrunner, Josef Zinsberger, Alwin Sch\u00f6nberger\n\t\t\t\t<\/dd><\/dl><dl class='gallery-item'>\n\t\t\t<dt class='gallery-icon landscape'>\n\t\t\t\t<a href='https:\/\/galerie-le-art.com\/?attachment_id=3767'><img loading=\"lazy\" decoding=\"async\" width=\"150\" height=\"150\" src=\"https:\/\/galerie-le-art.com\/wp-content\/uploads\/2024\/06\/KR12_2024_07-150x150.jpg\" class=\"attachment-thumbnail size-thumbnail\" alt=\"\" \/><\/a>\n\t\t\t<\/dt><\/dl><br style=\"clear: both\" \/><dl class='gallery-item'>\n\t\t\t<dt class='gallery-icon landscape'>\n\t\t\t\t<a href='https:\/\/galerie-le-art.com\/?attachment_id=3766'><img loading=\"lazy\" decoding=\"async\" width=\"150\" height=\"150\" src=\"https:\/\/galerie-le-art.com\/wp-content\/uploads\/2024\/06\/KR12_2024_06-150x150.jpg\" class=\"attachment-thumbnail size-thumbnail\" alt=\"\" \/><\/a>\n\t\t\t<\/dt><\/dl>\n\t\t\t<br style='clear: both' \/>\n\t\t<\/div>\n\n<hr \/>\n<h2>Galerie Kitz-art<\/h2>\n<p>Stadtgalerie &#8211; Kitzb\u00fchel<br \/>\n01. \u2013 30. April<\/p>","protected":false},"excerpt":{"rendered":"<p>INC art fair Bodensee 2024 Messe Dornbirn 15. &#8211; 17. November &#8212;&#8212;&#8212;&#8212;&#8212;&#8212;&#8212;&#8212;&#8212;&#8212;&#8212;&#8212;&#8212;&#8212;&#8212;&#8212;&#8212;&#8212; Tage der offenen Ateliers 19. + 20. Oktober 2024 Folgende K\u00fcnstler:innen stellten ihre Werke in der Galerie-le-art aus: Franco Braggio (Italien), Mahdiyeh. Seifi (Iran), Thomas Lackner N\u00d6), Renate &hellip; <a href=\"https:\/\/galerie-le-art.com\/?page_id=3913\">Weiterlesen <span class=\"meta-nav\">&rarr;<\/span><\/a><\/p>\n","protected":false},"author":1,"featured_media":0,"parent":1502,"menu_order":25,"comment_status":"closed","ping_status":"closed","template":"sidebar-page.php","meta":{"jetpack_post_was_ever_published":false,"footnotes":""},"class_list":["post-3913","page","type-page","status-publish","hentry"],"aioseo_notices":[],"jetpack_sharing_enabled":true,"jetpack_shortlink":"https:\/\/wp.me\/P7wHnN-117","_links":{"self":[{"href":"https:\/\/galerie-le-art.com\/index.php?rest_route=\/wp\/v2\/pages\/3913","targetHints":{"allow":["GET"]}}],"collection":[{"href":"https:\/\/galerie-le-art.com\/index.php?rest_route=\/wp\/v2\/pages"}],"about":[{"href":"https:\/\/galerie-le-art.com\/index.php?rest_route=\/wp\/v2\/types\/page"}],"author":[{"embeddable":true,"href":"https:\/\/galerie-le-art.com\/index.php?rest_route=\/wp\/v2\/users\/1"}],"replies":[{"embeddable":true,"href":"https:\/\/galerie-le-art.com\/index.php?rest_route=%2Fwp%2Fv2%2Fcomments&post=3913"}],"version-history":[{"count":3,"href":"https:\/\/galerie-le-art.com\/index.php?rest_route=\/wp\/v2\/pages\/3913\/revisions"}],"predecessor-version":[{"id":3917,"href":"https:\/\/galerie-le-art.com\/index.php?rest_route=\/wp\/v2\/pages\/3913\/revisions\/3917"}],"up":[{"embeddable":true,"href":"https:\/\/galerie-le-art.com\/index.php?rest_route=\/wp\/v2\/pages\/1502"}],"wp:attachment":[{"href":"https:\/\/galerie-le-art.com\/index.php?rest_route=%2Fwp%2Fv2%2Fmedia&parent=3913"}],"curies":[{"name":"wp","href":"https:\/\/api.w.org\/{rel}","templated":true}]}}