{"id":3318,"date":"2022-06-22T11:48:12","date_gmt":"2022-06-22T09:48:12","guid":{"rendered":"http:\/\/galerie-le-art.com\/?page_id=3318"},"modified":"2022-06-22T11:48:12","modified_gmt":"2022-06-22T09:48:12","slug":"aktivitaeten-3","status":"publish","type":"page","link":"https:\/\/galerie-le-art.com\/?page_id=3318","title":{"rendered":"2021 \u2013 Aktivit\u00e4ten"},"content":{"rendered":"<h2>Tage der Offenen Ateliers<\/h2>\n<p>16. &#8211; 17. Oktober 2021<\/p>\n<p>Im Rahmen der Tage der offenen Ateliers 16. + 17. Oktober wurden nicht nur Bilder verschiedener K\u00fcnstler in der Galerie-le-art ausgestellt, sondern es fand auch wieder eine Benefizmalaktion statt,\u00a0dieses Jahr f\u00fcr die Initiative Langenzersdorf.<\/p>\n<p><strong>Seit der verheerenden Explosion am 29. J\u00e4nner ist schon einige Zeit vergangen, jedoch hat sie in unserem Ort eine tiefe Narbe hinterlassen. Mehr als 30 BewohnerInnen der Schulstra\u00dfe 2 mussten ihr Zuhause verlassen und sind bis jetzt in Ersatzquartieren untergekommen. Die Spendenaktion soll diesen Personen zugutekommen!\u00a0<\/strong><\/p>\n<p>Danke im Namen der Initiative Langenzersdorf und von Josef Zinsberger f\u00fcr die Spenden, als auch f\u00fcr die sehr kreativen Bilder.<\/p>\n\n\t\t<style type=\"text\/css\">\n\t\t\t#gallery-1 {\n\t\t\t\tmargin: auto;\n\t\t\t}\n\t\t\t#gallery-1 .gallery-item {\n\t\t\t\tfloat: left;\n\t\t\t\tmargin-top: 10px;\n\t\t\t\ttext-align: center;\n\t\t\t\twidth: 33%;\n\t\t\t}\n\t\t\t#gallery-1 img {\n\t\t\t\tborder: 2px solid #cfcfcf;\n\t\t\t}\n\t\t\t#gallery-1 .gallery-caption {\n\t\t\t\tmargin-left: 0;\n\t\t\t}\n\t\t\t\/* see gallery_shortcode() in wp-includes\/media.php *\/\n\t\t<\/style>\n\t\t<div id='gallery-1' class='gallery galleryid-3318 gallery-columns-3 gallery-size-thumbnail'><dl class='gallery-item'>\n\t\t\t<dt class='gallery-icon portrait'>\n\t\t\t\t<a href='https:\/\/galerie-le-art.com\/?attachment_id=3199'><img loading=\"lazy\" decoding=\"async\" width=\"150\" height=\"150\" src=\"https:\/\/galerie-le-art.com\/wp-content\/uploads\/2021\/12\/Benefiz_2021_02-150x150.jpg\" class=\"attachment-thumbnail size-thumbnail\" alt=\"\" aria-describedby=\"gallery-1-3199\" \/><\/a>\n\t\t\t<\/dt>\n\t\t\t\t<dd class='wp-caption-text gallery-caption' id='gallery-1-3199'>\n\t\t\t\tJosef Zinsberger + Veronika Rampetsreiter (Obfrau der Initiative Langenzersdorf) \n\t\t\t\t<\/dd><\/dl><dl class='gallery-item'>\n\t\t\t<dt class='gallery-icon landscape'>\n\t\t\t\t<a href='https:\/\/galerie-le-art.com\/?attachment_id=3200'><img loading=\"lazy\" decoding=\"async\" width=\"150\" height=\"150\" src=\"https:\/\/galerie-le-art.com\/wp-content\/uploads\/2021\/12\/Benefiz_2021_01-150x150.jpg\" class=\"attachment-thumbnail size-thumbnail\" alt=\"\" \/><\/a>\n\t\t\t<\/dt><\/dl>\n\t\t\t<br style='clear: both' \/>\n\t\t<\/div>\n\n<p>&#8212;&#8212;&#8212;&#8212;&#8212;&#8212;&#8212;&#8212;&#8212;&#8212;&#8212;&#8212;&#8212;&#8212;&#8212;&#8212;&#8212;&#8212;<\/p>\n<h2>25. ART &#8211; Innsbruck<\/h2>\n<p>27. \u2013 31. Oktober 2021<\/p>\n<p>Die hohen Erwartungen haben sich erf\u00fcllt und die 25. Jubil\u00e4umsausgabe der internationalen ART Innsbruck 2021 wurde zum gro\u00dfen Erfolg beim Publikum, aber auch bei den nat\u00fcrlich von den Galerien. Damit behauptet sich die ART Innsbruck weiterhin neben den gro\u00dfen Artfairs in \u00d6sterreich und in Europa.<\/p>\n<p>Messedirektorin Johanna Penz freute sich \u00fcber die allseits positive Resonanz auf die Messe und die mehr als hohe Besucherzahl: &#8222;Besucher und auch Galeristen waren von der Location begeistert.<\/p>\n<p>Die\u00a0Messedirektorin Johanna Penz lie\u00df\u00a0es sich nicht nehmen, auch den Galeristen und K\u00fcnstler Josef Zinsberger in seinem Ausstellungraum zu begr\u00fc\u00dfen.<\/p>\n\n\t\t<style type=\"text\/css\">\n\t\t\t#gallery-2 {\n\t\t\t\tmargin: auto;\n\t\t\t}\n\t\t\t#gallery-2 .gallery-item {\n\t\t\t\tfloat: left;\n\t\t\t\tmargin-top: 10px;\n\t\t\t\ttext-align: center;\n\t\t\t\twidth: 33%;\n\t\t\t}\n\t\t\t#gallery-2 img {\n\t\t\t\tborder: 2px solid #cfcfcf;\n\t\t\t}\n\t\t\t#gallery-2 .gallery-caption {\n\t\t\t\tmargin-left: 0;\n\t\t\t}\n\t\t\t\/* see gallery_shortcode() in wp-includes\/media.php *\/\n\t\t<\/style>\n\t\t<div id='gallery-2' class='gallery galleryid-3318 gallery-columns-3 gallery-size-thumbnail'><dl class='gallery-item'>\n\t\t\t<dt class='gallery-icon portrait'>\n\t\t\t\t<a href='https:\/\/galerie-le-art.com\/?attachment_id=3202'><img loading=\"lazy\" decoding=\"async\" width=\"150\" height=\"150\" src=\"https:\/\/galerie-le-art.com\/wp-content\/uploads\/2021\/12\/Art_Inns_2021_09-150x150.jpg\" class=\"attachment-thumbnail size-thumbnail\" alt=\"\" aria-describedby=\"gallery-2-3202\" \/><\/a>\n\t\t\t<\/dt>\n\t\t\t\t<dd class='wp-caption-text gallery-caption' id='gallery-2-3202'>\n\t\t\t\tJosef Zinsberger, Alfred Melcher\n\t\t\t\t<\/dd><\/dl><dl class='gallery-item'>\n\t\t\t<dt class='gallery-icon portrait'>\n\t\t\t\t<a href='https:\/\/galerie-le-art.com\/?attachment_id=3210'><img loading=\"lazy\" decoding=\"async\" width=\"150\" height=\"150\" src=\"https:\/\/galerie-le-art.com\/wp-content\/uploads\/2021\/12\/Art_Inns_2021_08-150x150.jpg\" class=\"attachment-thumbnail size-thumbnail\" alt=\"\" aria-describedby=\"gallery-2-3210\" \/><\/a>\n\t\t\t<\/dt>\n\t\t\t\t<dd class='wp-caption-text gallery-caption' id='gallery-2-3210'>\n\t\t\t\tAlfred Melchert, Silvia Bitschnau, Josef Zinsberger\n\t\t\t\t<\/dd><\/dl><dl class='gallery-item'>\n\t\t\t<dt class='gallery-icon portrait'>\n\t\t\t\t<a href='https:\/\/galerie-le-art.com\/?attachment_id=3209'><img loading=\"lazy\" decoding=\"async\" width=\"150\" height=\"150\" src=\"https:\/\/galerie-le-art.com\/wp-content\/uploads\/2021\/12\/Art_Inns_2021_07-150x150.jpg\" class=\"attachment-thumbnail size-thumbnail\" alt=\"\" aria-describedby=\"gallery-2-3209\" \/><\/a>\n\t\t\t<\/dt>\n\t\t\t\t<dd class='wp-caption-text gallery-caption' id='gallery-2-3209'>\n\t\t\t\tJosef Zinsberger, Messedirektorin Johanna Penz\n\t\t\t\t<\/dd><\/dl><br style=\"clear: both\" \/><dl class='gallery-item'>\n\t\t\t<dt class='gallery-icon landscape'>\n\t\t\t\t<a href='https:\/\/galerie-le-art.com\/?attachment_id=3208'><img loading=\"lazy\" decoding=\"async\" width=\"150\" height=\"150\" src=\"https:\/\/galerie-le-art.com\/wp-content\/uploads\/2021\/12\/Art_Inns_2021_06-150x150.jpg\" class=\"attachment-thumbnail size-thumbnail\" alt=\"\" \/><\/a>\n\t\t\t<\/dt><\/dl><dl class='gallery-item'>\n\t\t\t<dt class='gallery-icon landscape'>\n\t\t\t\t<a href='https:\/\/galerie-le-art.com\/?attachment_id=3207'><img loading=\"lazy\" decoding=\"async\" width=\"150\" height=\"150\" src=\"https:\/\/galerie-le-art.com\/wp-content\/uploads\/2021\/12\/Art_Inns_2021_05-150x150.jpg\" class=\"attachment-thumbnail size-thumbnail\" alt=\"\" \/><\/a>\n\t\t\t<\/dt><\/dl><dl class='gallery-item'>\n\t\t\t<dt class='gallery-icon landscape'>\n\t\t\t\t<a href='https:\/\/galerie-le-art.com\/?attachment_id=3206'><img loading=\"lazy\" decoding=\"async\" width=\"150\" height=\"150\" src=\"https:\/\/galerie-le-art.com\/wp-content\/uploads\/2021\/12\/Art_Inns_2021_04-150x150.jpg\" class=\"attachment-thumbnail size-thumbnail\" alt=\"\" \/><\/a>\n\t\t\t<\/dt><\/dl><br style=\"clear: both\" \/><dl class='gallery-item'>\n\t\t\t<dt class='gallery-icon landscape'>\n\t\t\t\t<a href='https:\/\/galerie-le-art.com\/?attachment_id=3205'><img loading=\"lazy\" decoding=\"async\" width=\"150\" height=\"150\" src=\"https:\/\/galerie-le-art.com\/wp-content\/uploads\/2021\/12\/Art_Inns_2021_03-150x150.jpg\" class=\"attachment-thumbnail size-thumbnail\" alt=\"\" \/><\/a>\n\t\t\t<\/dt><\/dl><dl class='gallery-item'>\n\t\t\t<dt class='gallery-icon landscape'>\n\t\t\t\t<a href='https:\/\/galerie-le-art.com\/?attachment_id=3204'><img loading=\"lazy\" decoding=\"async\" width=\"150\" height=\"150\" src=\"https:\/\/galerie-le-art.com\/wp-content\/uploads\/2021\/12\/Art_Inns_2021_02-150x150.jpg\" class=\"attachment-thumbnail size-thumbnail\" alt=\"\" \/><\/a>\n\t\t\t<\/dt><\/dl><dl class='gallery-item'>\n\t\t\t<dt class='gallery-icon landscape'>\n\t\t\t\t<a href='https:\/\/galerie-le-art.com\/?attachment_id=3203'><img loading=\"lazy\" decoding=\"async\" width=\"150\" height=\"150\" src=\"https:\/\/galerie-le-art.com\/wp-content\/uploads\/2021\/12\/Art_Inns_2021_01-150x150.jpg\" class=\"attachment-thumbnail size-thumbnail\" alt=\"\" \/><\/a>\n\t\t\t<\/dt><\/dl><br style=\"clear: both\" \/>\n\t\t<\/div>\n\n<p>&#8212;&#8212;&#8212;&#8212;&#8212;&#8212;&#8212;&#8212;&#8212;&#8212;&#8212;&#8212;&#8212;&#8212;&#8212;&#8212;&#8212;&#8212;<\/p>\n<h2>ART &#8211; Wiesbaden<\/h2>\n<p>10. &#8211; 12. September 2021<\/p>\n<p>Die dritte Ausgabe der ARTe-Wiesbaden war bisher die Beste.<\/p>\n<p>Es hat gepasst seitens des Wetters, es waren drau\u00dfen angenehmen Temperaturen.<br \/>\nEs waren dreimal fast auf den Punkt genau 4.000 Besucher. Welche Rolle Corona in diesen Zahlen spielt, bleibt unklar. Rund 10% der Tickets wurden vorab online gekauft, nur 5% der Besucher kamen getestet &#8211; der Rest geimpft\/genesen.<\/p>\n<p>Auf Grund der vielen Ausstelleranmeldungen, konnte auch die Qualit\u00e4t der Aussteller und deren Werke gehoben werden, da nicht jeder eine Zulassung erhalten hat.<\/p>\n\n\t\t<style type=\"text\/css\">\n\t\t\t#gallery-3 {\n\t\t\t\tmargin: auto;\n\t\t\t}\n\t\t\t#gallery-3 .gallery-item {\n\t\t\t\tfloat: left;\n\t\t\t\tmargin-top: 10px;\n\t\t\t\ttext-align: center;\n\t\t\t\twidth: 33%;\n\t\t\t}\n\t\t\t#gallery-3 img {\n\t\t\t\tborder: 2px solid #cfcfcf;\n\t\t\t}\n\t\t\t#gallery-3 .gallery-caption {\n\t\t\t\tmargin-left: 0;\n\t\t\t}\n\t\t\t\/* see gallery_shortcode() in wp-includes\/media.php *\/\n\t\t<\/style>\n\t\t<div id='gallery-3' class='gallery galleryid-3318 gallery-columns-3 gallery-size-thumbnail'><dl class='gallery-item'>\n\t\t\t<dt class='gallery-icon portrait'>\n\t\t\t\t<a href='https:\/\/galerie-le-art.com\/?attachment_id=3173'><img loading=\"lazy\" decoding=\"async\" width=\"150\" height=\"150\" src=\"https:\/\/galerie-le-art.com\/wp-content\/uploads\/2021\/10\/art_wies_2021_01-150x150.jpg\" class=\"attachment-thumbnail size-thumbnail\" alt=\"\" aria-describedby=\"gallery-3-3173\" \/><\/a>\n\t\t\t<\/dt>\n\t\t\t\t<dd class='wp-caption-text gallery-caption' id='gallery-3-3173'>\n\t\t\t\tVlnr.: Harald Lugsteiner, Susanne Tritscher, Josef Zinsberger \n\t\t\t\t<\/dd><\/dl><dl class='gallery-item'>\n\t\t\t<dt class='gallery-icon landscape'>\n\t\t\t\t<a href='https:\/\/galerie-le-art.com\/?attachment_id=3174'><img loading=\"lazy\" decoding=\"async\" width=\"150\" height=\"150\" src=\"https:\/\/galerie-le-art.com\/wp-content\/uploads\/2021\/10\/art_wies_2021_02-150x150.jpg\" class=\"attachment-thumbnail size-thumbnail\" alt=\"\" \/><\/a>\n\t\t\t<\/dt><\/dl><dl class='gallery-item'>\n\t\t\t<dt class='gallery-icon landscape'>\n\t\t\t\t<a href='https:\/\/galerie-le-art.com\/?attachment_id=3175'><img loading=\"lazy\" decoding=\"async\" width=\"150\" height=\"150\" src=\"https:\/\/galerie-le-art.com\/wp-content\/uploads\/2021\/10\/art_wies_2021_03-150x150.jpg\" class=\"attachment-thumbnail size-thumbnail\" alt=\"\" \/><\/a>\n\t\t\t<\/dt><\/dl><br style=\"clear: both\" \/><dl class='gallery-item'>\n\t\t\t<dt class='gallery-icon landscape'>\n\t\t\t\t<a href='https:\/\/galerie-le-art.com\/?attachment_id=3176'><img loading=\"lazy\" decoding=\"async\" width=\"150\" height=\"150\" src=\"https:\/\/galerie-le-art.com\/wp-content\/uploads\/2021\/10\/art_wies_2021_04-150x150.jpg\" class=\"attachment-thumbnail size-thumbnail\" alt=\"\" \/><\/a>\n\t\t\t<\/dt><\/dl><dl class='gallery-item'>\n\t\t\t<dt class='gallery-icon landscape'>\n\t\t\t\t<a href='https:\/\/galerie-le-art.com\/?attachment_id=3177'><img loading=\"lazy\" decoding=\"async\" width=\"150\" height=\"150\" src=\"https:\/\/galerie-le-art.com\/wp-content\/uploads\/2021\/10\/art_wies_2021_05-150x150.jpg\" class=\"attachment-thumbnail size-thumbnail\" alt=\"\" \/><\/a>\n\t\t\t<\/dt><\/dl><dl class='gallery-item'>\n\t\t\t<dt class='gallery-icon portrait'>\n\t\t\t\t<a href='https:\/\/galerie-le-art.com\/?attachment_id=3178'><img loading=\"lazy\" decoding=\"async\" width=\"150\" height=\"150\" src=\"https:\/\/galerie-le-art.com\/wp-content\/uploads\/2021\/10\/art_wies_2021_06-150x150.jpg\" class=\"attachment-thumbnail size-thumbnail\" alt=\"\" \/><\/a>\n\t\t\t<\/dt><\/dl><br style=\"clear: both\" \/>\n\t\t<\/div>\n\n<p>&#8212;&#8212;&#8212;&#8212;&#8212;&#8212;&#8212;&#8212;&#8212;&#8212;&#8212;&#8212;&#8212;&#8212;&#8212;&#8212;&#8212;&#8212;<\/p>\n<h2>Offene Galerie \/ Atelier<br \/>\n12 . + 13. Juni 2021, 13 &#8211; 18 Uhr<\/h2>\n<p><a href=\"http:\/\/galerie-le-art.com\/?attachment_id=3141\" rel=\"attachment wp-att-3012\"><img loading=\"lazy\" decoding=\"async\" class=\"aligncenter wp-image-3141 size-medium\" src=\"http:\/\/galerie-le-art.com\/wp-content\/uploads\/2021\/05\/Einlad_Juni2021_offenes-Atelier-Galerie_-212x300.jpg\" alt=\"\" width=\"212\" height=\"300\" srcset=\"https:\/\/galerie-le-art.com\/wp-content\/uploads\/2021\/05\/Einlad_Juni2021_offenes-Atelier-Galerie_-212x300.jpg 212w, https:\/\/galerie-le-art.com\/wp-content\/uploads\/2021\/05\/Einlad_Juni2021_offenes-Atelier-Galerie_-768x1085.jpg 768w, https:\/\/galerie-le-art.com\/wp-content\/uploads\/2021\/05\/Einlad_Juni2021_offenes-Atelier-Galerie_-725x1024.jpg 725w, https:\/\/galerie-le-art.com\/wp-content\/uploads\/2021\/05\/Einlad_Juni2021_offenes-Atelier-Galerie_.jpg 794w\" sizes=\"auto, (max-width: 212px) 100vw, 212px\" \/><\/a><br \/>\n&#8212;&#8212;&#8212;&#8212;&#8212;&#8212;&#8212;&#8212;&#8212;&#8212;&#8212;&#8212;&#8212;&#8212;&#8212;&#8212;&#8212;&#8212;<\/p>\n","protected":false},"excerpt":{"rendered":"<p>Tage der Offenen Ateliers 16. &#8211; 17. Oktober 2021 Im Rahmen der Tage der offenen Ateliers 16. + 17. Oktober wurden nicht nur Bilder verschiedener K\u00fcnstler in der Galerie-le-art ausgestellt, sondern es fand auch wieder eine Benefizmalaktion statt,\u00a0dieses Jahr f\u00fcr &hellip; <a href=\"https:\/\/galerie-le-art.com\/?page_id=3318\">Weiterlesen <span class=\"meta-nav\">&rarr;<\/span><\/a><\/p>\n","protected":false},"author":1,"featured_media":0,"parent":1502,"menu_order":15,"comment_status":"closed","ping_status":"closed","template":"sidebar-page.php","meta":{"jetpack_post_was_ever_published":false,"footnotes":""},"class_list":["post-3318","page","type-page","status-publish","hentry"],"aioseo_notices":[],"jetpack_sharing_enabled":true,"jetpack_shortlink":"https:\/\/wp.me\/P7wHnN-Rw","_links":{"self":[{"href":"https:\/\/galerie-le-art.com\/index.php?rest_route=\/wp\/v2\/pages\/3318","targetHints":{"allow":["GET"]}}],"collection":[{"href":"https:\/\/galerie-le-art.com\/index.php?rest_route=\/wp\/v2\/pages"}],"about":[{"href":"https:\/\/galerie-le-art.com\/index.php?rest_route=\/wp\/v2\/types\/page"}],"author":[{"embeddable":true,"href":"https:\/\/galerie-le-art.com\/index.php?rest_route=\/wp\/v2\/users\/1"}],"replies":[{"embeddable":true,"href":"https:\/\/galerie-le-art.com\/index.php?rest_route=%2Fwp%2Fv2%2Fcomments&post=3318"}],"version-history":[{"count":2,"href":"https:\/\/galerie-le-art.com\/index.php?rest_route=\/wp\/v2\/pages\/3318\/revisions"}],"predecessor-version":[{"id":3321,"href":"https:\/\/galerie-le-art.com\/index.php?rest_route=\/wp\/v2\/pages\/3318\/revisions\/3321"}],"up":[{"embeddable":true,"href":"https:\/\/galerie-le-art.com\/index.php?rest_route=\/wp\/v2\/pages\/1502"}],"wp:attachment":[{"href":"https:\/\/galerie-le-art.com\/index.php?rest_route=%2Fwp%2Fv2%2Fmedia&parent=3318"}],"curies":[{"name":"wp","href":"https:\/\/api.w.org\/{rel}","templated":true}]}}